{"id":719,"date":"2017-01-02T08:28:52","date_gmt":"2017-01-02T08:28:52","guid":{"rendered":"https:\/\/demo.themegrill.com\/flash-default-2\/?page_id=5"},"modified":"2025-05-26T14:06:00","modified_gmt":"2025-05-26T14:06:00","slug":"home","status":"publish","type":"page","link":"http:\/\/www.javel.com.tr\/","title":{"rendered":"Anasayfa"},"content":{"rendered":"<div id=\"pl-719\"  class=\"panel-layout\" ><div id=\"pg-719-0\"  class=\"panel-grid panel-no-style\" ><div id=\"pgc-719-0-0\"  class=\"panel-grid-cell\" ><div id=\"panel-719-0-0-0\" class=\"so-panel widget widget_themegrill_flash_slider tg-section tg-slider-widget panel-first-child panel-last-child\" data-index=\"0\" ><div class=\"tg-slider-widget slider-dark slider-content-center slider-control-bottom-right full-width\">\n\t<div class=\"swiper-container\">\n\t\t<div class=\"swiper-wrapper\">\n\t\t\t\n\t\t\t\t\t<div class=\"swiper-slide\">\n\t\t\t\t\t\t<figure class=\"slider-image\" >\n\t\t\t\t\t\t\t<img width=\"800\" height=\"250\"\t\t\t\t\t\t\t\t\tsrc=\"http:\/\/www.javel.com.tr\/wp-content\/uploads\/2022\/06\/ja2.png\"\n\t\t\t\t\t\t\t\t\talt=\"\u015ei\u015fe Boyama\"\n\t\t\t\t\t\t\t\t\ttitle=\"\u015ei\u015fe Boyama\"\/>\n\t\t\t\t\t\t\t<div class=\"overlay\"><\/div>\n\t\t\t\t\t\t<\/figure>\n\t\t\t\t\t\t<div class=\"slider-content\">\n\t\t\t\t\t\t\t<div class=\"tg-container\">\n\t\t\t\t\t\t\t\t<div class=\"caption-title\">\u015ei\u015fe Boyama<\/div>\n\t\t\t\t\t\t\t\t<div class=\"caption-desc\"><\/div>\n\t\t\t\t\t\t\t\t\t\t\t\t\t\t\t<\/div>\n\t\t\t\t\t\t<\/div>\n\t\t\t\t\t<\/div>\n\n\t\t\t\t\n\t\t\t\t\t<div class=\"swiper-slide\">\n\t\t\t\t\t\t<figure class=\"slider-image\" >\n\t\t\t\t\t\t\t<img width=\"800\" height=\"250\"\t\t\t\t\t\t\t\t\tsrc=\"http:\/\/www.javel.com.tr\/wp-content\/uploads\/2022\/06\/jaa3.png\"\n\t\t\t\t\t\t\t\t\talt=\"Metal Etiket\"\n\t\t\t\t\t\t\t\t\ttitle=\"Metal Etiket\"\/>\n\t\t\t\t\t\t\t<div class=\"overlay\"><\/div>\n\t\t\t\t\t\t<\/figure>\n\t\t\t\t\t\t<div class=\"slider-content\">\n\t\t\t\t\t\t\t<div class=\"tg-container\">\n\t\t\t\t\t\t\t\t<div class=\"caption-title\">Metal Etiket<\/div>\n\t\t\t\t\t\t\t\t<div class=\"caption-desc\"><\/div>\n\t\t\t\t\t\t\t\t\t\t\t\t\t\t\t<\/div>\n\t\t\t\t\t\t<\/div>\n\t\t\t\t\t<\/div>\n\n\t\t\t\t\t\t<\/div>\n\t\t<div class=\"swiper-pagination\"><\/div>\n\t\t<div class=\"slider-arrow\">\n\t\t\t<div class=\"swiper-button-next\"><\/div>\n\t\t\t<div class=\"swiper-button-prev\"><\/div>\n\t\t<\/div>\n\t<\/div>\n<\/div>\n<\/div><\/div><\/div><div id=\"pg-719-1\"  class=\"panel-grid panel-has-style\" ><div class=\"siteorigin-panels-stretch panel-row-style panel-row-style-for-719-1\" data-stretch-type=\"full\" ><div id=\"pgc-719-1-0\"  class=\"panel-grid-cell\" ><div id=\"panel-719-1-0-0\" class=\"so-panel widget widget_themegrill_flash_service tg-widget tg-single-service panel-first-child panel-last-child\" data-index=\"1\" >\n<div class=\"tg-service-widget tg-service-layout-1\">\n\t<div class=\"service-wrapper\">\n\t\t<div class=\"service-icon-title-wrapper clearfix\">\n\t\t\t\t\t\t<div class=\"service-icon-wrap\"><i class=\"fa fa-clone\"><\/i><\/div>\n\t\t\t\t\t\t\t\t\t\t\t\t<h3 class=\"service-title-wrap\">\n\t\t\t\tBask\u0131 - Serigrafi\t\t\t\t\t\t\t<\/h3>\n\t\t\t\t\t<\/div>\n\t\t\t\t<div class=\"service-content-wrap\">\u00d6zg\u00fcn \u015fi\u015fe veya cam bask\u0131 (serigrafi) i\u015flemleri konusunda, \u00fcr\u00fcnlerin kalitesinde \u00f6nc\u00fc bir marka olarak hizmet vermekteyiz. Tam otomatik bask\u0131 makinelerimiz ile serigrafi tekniklerini kullanarak, markan\u0131z\u0131n vizyonunu ve de\u011ferlerini yans\u0131tan, \u00f6zg\u00fcn ve dikkat \u00e7ekici bask\u0131lar yapabiliyoruz.  Markan\u0131z\u0131n karakterini ve tarz\u0131n\u0131 \u00f6n plana \u00e7\u0131karan, \u00f6zel tasar\u0131m bask\u0131 \u00e7\u00f6z\u00fcmlerimizle, \u015fi\u015fe veya cam \u00fcr\u00fcnlerinizin her birini benzersiz bir sanat eserine d\u00f6n\u00fc\u015ft\u00fcr\u00fcyoruz. T\u00fcm cam bask\u0131 ve serigrafi ihtiya\u00e7lar\u0131n\u0131z i\u00e7in bizimle ileti\u015fime ge\u00e7ebilirsiniz. <\/div>\n\t\t\t\t\t<\/div>\n<\/div>\n<\/div><\/div><div id=\"pgc-719-1-1\"  class=\"panel-grid-cell\" ><div id=\"panel-719-1-1-0\" class=\"so-panel widget widget_themegrill_flash_image tg-widget tg-image-widget panel-first-child panel-last-child\" data-index=\"2\" >\t<img src=\"http:\/\/www.javel.com.tr\/wp-content\/uploads\/2022\/06\/1-1.png\" \/>\n<\/div><\/div><\/div><\/div><div id=\"pg-719-2\"  class=\"panel-grid panel-has-style\" ><div class=\"panel-row-style panel-row-style-for-719-2\" ><div id=\"pgc-719-2-0\"  class=\"panel-grid-cell\" ><div id=\"panel-719-2-0-0\" class=\"so-panel widget widget_themegrill_flash_service tg-widget tg-single-service panel-first-child panel-last-child\" data-index=\"3\" >\n<div class=\"tg-service-widget tg-service-layout-1\">\n\t<div class=\"service-wrapper\">\n\t\t<div class=\"service-icon-title-wrapper clearfix\">\n\t\t\t\t\t\t<div class=\"service-icon-wrap\"><i class=\"fa fa-soundcloud\"><\/i><\/div>\n\t\t\t\t\t\t\t\t\t\t\t\t<h3 class=\"service-title-wrap\">\n\t\t\t\tCam ve Plastik Boyama\t\t\t\t\t\t\t<\/h3>\n\t\t\t\t\t<\/div>\n\t\t\t\t<div class=\"service-content-wrap\">M\u00fc\u015fterilerimizin her t\u00fcrl\u00fc cam, plastik \u015fi\u015fe ve ambalaj boyama ihtiya\u00e7lar\u0131na, y\u00fcksek \u00fcretim kapasitemiz sayesinde h\u0131zl\u0131 ve etkili \u00e7\u00f6z\u00fcmler sunabiliyoruz. Teknoloji ve yarat\u0131c\u0131 tasar\u0131mlar\u0131 bir araya getirerek, estetik ve kaliteden \u00f6d\u00fcn vermeden \u00fcr\u00fcnlerinizi \u00f6ne \u00e7\u0131karacak boyama hizmetleri sa\u011fl\u0131yoruz. \u00dcr\u00fcnlerinize \u00f6zel olarak geli\u015ftirilebilen renk se\u00e7enekleriyle, ambalajlar\u0131n\u0131z\u0131 \u015f\u0131k ve dayan\u0131kl\u0131 \u00fcretimler yaparak, markan\u0131z\u0131n prestijini ve g\u00f6r\u00fcn\u00fcm\u00fcn\u00fc de art\u0131r\u0131yoruz.<\/div>\n\t\t\t\t\t<\/div>\n<\/div>\n<\/div><\/div><div id=\"pgc-719-2-1\"  class=\"panel-grid-cell\" ><div id=\"panel-719-2-1-0\" class=\"so-panel widget widget_themegrill_flash_service tg-widget tg-single-service panel-first-child panel-last-child\" data-index=\"4\" >\n<div class=\"tg-service-widget tg-service-layout-1\">\n\t<div class=\"service-wrapper\">\n\t\t<div class=\"service-icon-title-wrapper clearfix\">\n\t\t\t\t\t\t<div class=\"service-icon-wrap\"><i class=\"fa fa-tag\"><\/i><\/div>\n\t\t\t\t\t\t\t\t\t\t\t\t<h3 class=\"service-title-wrap\">\n\t\t\t\tMetal Etiket\t\t\t\t\t\t\t<\/h3>\n\t\t\t\t\t<\/div>\n\t\t\t\t<div class=\"service-content-wrap\">Al\u00fcminyum Etiket, metalin i\u015flenmesiyle \u00fcretilen ve metal etiket olarak da tan\u0131nan bir etiket t\u00fcr\u00fcd\u00fcr. Bu etiketler, asit indirgeme veya serigrafi bask\u0131 teknikleri kullan\u0131larak haz\u0131rlan\u0131r. Yap\u0131\u015ft\u0131r\u0131lacak y\u00fczeye kolayca adapte olabilme gibi \u00f6nemli bir \u00f6zelli\u011fe sahip olan bu etiketler, dayan\u0131kl\u0131l\u0131klar\u0131 sayesinde di\u011fer etiket t\u00fcrlerine g\u00f6re bir ad\u0131m \u00f6ne \u00e7\u0131kar.<\/div>\n\t\t\t\t\t<\/div>\n<\/div>\n<\/div><\/div><\/div><\/div><div id=\"pg-719-3\"  class=\"panel-grid panel-has-style\" ><div class=\"panel-row-style panel-row-style-for-719-3\" ><div id=\"pgc-719-3-0\"  class=\"panel-grid-cell\" ><div id=\"panel-719-3-0-0\" class=\"so-panel widget widget_themegrill_flash_slider tg-section tg-slider-widget panel-first-child panel-last-child\" data-index=\"5\" ><div class=\"tg-slider-widget slider-dark slider-content-center slider-control-center full-width\">\n\t<div class=\"swiper-container\">\n\t\t<div class=\"swiper-wrapper\">\n\t\t\t\n\t\t\t\t\t<div class=\"swiper-slide\">\n\t\t\t\t\t\t<figure class=\"slider-image\" >\n\t\t\t\t\t\t\t<img width=\"1306\" height=\"1018\"\t\t\t\t\t\t\t\t\tsrc=\"http:\/\/www.javel.com.tr\/wp-content\/uploads\/2025\/05\/WhatsApp-Gorsel-2025-05-08-saat-16.53.28_ee1bc47d.jpg\"\n\t\t\t\t\t\t\t\t\talt=\"Kozmetik\"\n\t\t\t\t\t\t\t\t\ttitle=\"Kozmetik\"\/>\n\t\t\t\t\t\t\t<div class=\"overlay\"><\/div>\n\t\t\t\t\t\t<\/figure>\n\t\t\t\t\t\t<div class=\"slider-content\">\n\t\t\t\t\t\t\t<div class=\"tg-container\">\n\t\t\t\t\t\t\t\t<div class=\"caption-title\">Kozmetik<\/div>\n\t\t\t\t\t\t\t\t<div class=\"caption-desc\"><\/div>\n\t\t\t\t\t\t\t\t\t\t\t\t\t\t\t<\/div>\n\t\t\t\t\t\t<\/div>\n\t\t\t\t\t<\/div>\n\n\t\t\t\t\t\t<\/div>\n\t\t<div class=\"swiper-pagination\"><\/div>\n\t\t<div class=\"slider-arrow\">\n\t\t\t<div class=\"swiper-button-next\"><\/div>\n\t\t\t<div class=\"swiper-button-prev\"><\/div>\n\t\t<\/div>\n\t<\/div>\n<\/div>\n<\/div><\/div><\/div><\/div><div id=\"pg-719-4\"  class=\"panel-grid panel-has-style\" ><div class=\"siteorigin-panels-stretch panel-row-style panel-row-style-for-719-4\" data-stretch-type=\"full\" ><div id=\"pgc-719-4-0\"  class=\"panel-grid-cell\" ><div id=\"panel-719-4-0-0\" class=\"so-panel widget widget_themegrill_flash_image tg-widget tg-image-widget panel-first-child panel-last-child\" data-index=\"6\" >\t<img src=\"http:\/\/www.javel.com.tr\/wp-content\/uploads\/2025\/05\/WhatsApp-Gorsel-2025-05-26-saat-14.31.59_dc565dca.jpg\" \/>\n<\/div><\/div><div id=\"pgc-719-4-1\"  class=\"panel-grid-cell\" ><div id=\"panel-719-4-1-0\" class=\"so-panel widget widget_themegrill_flash_cta tg-widget call-to-action-section panel-first-child panel-last-child\" data-index=\"7\" ><div class=\"panel-widget-style panel-widget-style-for-719-4-1-0\" ><div class=\"cta-wrapper call-to-action-section-layout-1\">\n\t<div class=\"section-title-wrapper\">\n\t\t\t\t<h3 class=\"section-title\">\u00dcr\u00fcnlerinizi Bir Ad\u0131m \u00d6ne Ta\u015f\u0131y\u0131n<\/h3>\n\t\t\t\t<h4 class=\"section-subtitle\">Metal etiket, cam \u015fi\u015fe boyama, cam bask\u0131 ve serigrafi i\u015flemlerinde markan\u0131z\u0131 bir ad\u0131m \u00f6ne ta\u015f\u0131mak i\u00e7in bizimle ileti\u015fime ge\u00e7ebilirsiniz. Rakipleriniz aras\u0131nda parlamas\u0131n\u0131 sa\u011flayacak \u00f6zel \u00e7\u00f6z\u00fcmlerimizle, markan\u0131z\u0131n de\u011ferini ve g\u00f6r\u00fcn\u00fcrl\u00fc\u011f\u00fcn\u00fc artt\u0131racak dizaynlar \u00fczerinde \u00e7al\u0131\u015fabiliriz. Y\u00fcksek kalite, benzersiz tasar\u0131m ve dikkat \u00e7ekici sonu\u00e7lar i\u00e7in do\u011fru adresiniz. \u015eimdi harekete ge\u00e7in, \u00fcr\u00fcnlerinizin potansiyelini bizimle ke\u015ffedin!<\/h4>\n\t\t\t<\/div>\n\t\t<div class=\"btn-wrapper\">\n\t\t\t\t<a class=\"btn\" href=\"http:\/\/www.javel.com.tr\/?page_id=12\">\u0130leti\u015fime Ge\u00e7in<\/a>\n\t\t\t\t\t<\/div>\n\t<\/div>\n<\/div><\/div><\/div><\/div><\/div><div id=\"pg-719-5\"  class=\"panel-grid panel-has-style\" ><div class=\"siteorigin-panels-stretch panel-row-style panel-row-style-for-719-5\" data-stretch-type=\"full\" ><div id=\"pgc-719-5-0\"  class=\"panel-grid-cell panel-grid-cell-empty\" ><\/div><\/div><\/div><div id=\"pg-719-6\"  class=\"panel-grid panel-has-style\" ><div class=\"siteorigin-panels-stretch panel-row-style panel-row-style-for-719-6\" data-stretch-type=\"full\" ><div id=\"pgc-719-6-0\"  class=\"panel-grid-cell\" ><div id=\"panel-719-6-0-0\" class=\"so-panel widget widget_themegrill_flash_heading tg-widget section-title-wrapper panel-first-child\" data-index=\"8\" >\t<h3 class=\"section-title\">Portf\u00f6y\u00fcm\u00fcz<\/h3>\n<\/div><div id=\"panel-719-6-0-1\" class=\"so-panel widget widget_themegrill_flash_image tg-widget tg-image-widget panel-last-child\" data-index=\"9\" >\t<img src=\"http:\/\/www.javel.com.tr\/wp-content\/uploads\/2025\/05\/WhatsApp-Gorsel-2025-05-26-saat-14.38.36_0d9adc51-scaled.jpg\" \/>\n<\/div><\/div><div id=\"pgc-719-6-1\"  class=\"panel-grid-cell\" ><div id=\"panel-719-6-1-0\" class=\"so-panel widget widget_themegrill_flash_heading tg-widget section-title-wrapper panel-first-child\" data-index=\"10\" >\t<h3 class=\"section-title\">.<\/h3>\n<\/div><div id=\"panel-719-6-1-1\" class=\"so-panel widget widget_themegrill_flash_image tg-widget tg-image-widget panel-last-child\" data-index=\"11\" >\t<img src=\"http:\/\/www.javel.com.tr\/wp-content\/uploads\/2025\/05\/WhatsApp-Gorsel-2025-05-26-saat-14.38.35_79144828-scaled.jpg\" \/>\n<\/div><\/div><div id=\"pgc-719-6-2\"  class=\"panel-grid-cell\" ><div id=\"panel-719-6-2-0\" class=\"so-panel widget widget_themegrill_flash_heading tg-widget section-title-wrapper panel-first-child\" data-index=\"12\" >\t<h3 class=\"section-title\">.<\/h3>\n<\/div><div id=\"panel-719-6-2-1\" class=\"so-panel widget widget_themegrill_flash_image tg-widget tg-image-widget panel-last-child\" data-index=\"13\" >\t<img src=\"http:\/\/www.javel.com.tr\/wp-content\/uploads\/2025\/05\/WhatsApp-Gorsel-2025-05-26-saat-14.38.32_9cea8804-scaled.jpg\" \/>\n<\/div><\/div><div id=\"pgc-719-6-3\"  class=\"panel-grid-cell\" ><div id=\"panel-719-6-3-0\" class=\"so-panel widget widget_themegrill_flash_heading tg-widget section-title-wrapper panel-first-child\" data-index=\"14\" >\t<h3 class=\"section-title\">.<\/h3>\n<\/div><div id=\"panel-719-6-3-1\" class=\"so-panel widget widget_themegrill_flash_image tg-widget tg-image-widget panel-last-child\" data-index=\"15\" >\t<img src=\"http:\/\/www.javel.com.tr\/wp-content\/uploads\/2025\/05\/WhatsApp-Gorsel-2025-05-08-saat-16.54.28_65b4fda8.jpg\" \/>\n<\/div><\/div><\/div><\/div><div id=\"pg-719-7\"  class=\"panel-grid panel-has-style\" ><div class=\"panel-row-style panel-row-style-for-719-7\" ><div id=\"pgc-719-7-0\"  class=\"panel-grid-cell\" ><div id=\"panel-719-7-0-0\" class=\"so-panel widget widget_themegrill_flash_heading tg-widget section-title-wrapper panel-first-child\" data-index=\"16\" >\t<h3 class=\"section-title\">Referanslar\u0131m\u0131z<\/h3>\n<\/div><div id=\"panel-719-7-0-1\" class=\"so-panel widget widget_sow-post-carousel panel-last-child\" data-index=\"17\" ><div\n\t\t\t\n\t\t\tclass=\"so-widget-sow-post-carousel so-widget-sow-post-carousel-base-eba13aa84f1b-719\"\n\t\t\t\n\t\t>\t<div\n\t\tclass=\"sow-post-carousel-wrapper sow-post-carousel-theme-base\"\n\t\tstyle=\"overflow: hidden; max-width: 100%; min-height: 150px\"\n\t>\n\t\t<div class=\"sow-carousel-title\">\n\t<\/div>\n\n<div class=\"sow-carousel-container \">\n\t\t<div class=\"sow-carousel-wrapper\"\n\t\tdata-dir=\"ltr\"\n\t\tstyle=\"opacity: 0;\"\n\t\tdata-widget=\"post\" data-fetching=\"false\" data-page=\"1\" data-ajax-url=\"http:\/\/www.javel.com.tr\/wp-admin\/admin-ajax.php?_widgets_nonce=53558fb70e\" data-item_count=\"4\" data-carousel_settings=\"{&quot;loop&quot;:true,&quot;animation&quot;:&quot;linear&quot;,&quot;animation_speed&quot;:4000,&quot;autoplay&quot;:&quot;continuous&quot;,&quot;pauseOnHover&quot;:true,&quot;autoplaySpeed&quot;:400,&quot;item_overflow&quot;:true,&quot;autoplay_continuous_scroll&quot;:true}\" data-responsive=\"{&quot;desktop_slides_to_scroll&quot;:1,&quot;tablet_landscape_breakpoint&quot;:1366,&quot;tablet_landscape_slides_to_scroll&quot;:2,&quot;tablet_portrait_breakpoint&quot;:1025,&quot;tablet_portrait_slides_to_scroll&quot;:2,&quot;mobile_breakpoint&quot;:480,&quot;mobile_slides_to_scroll&quot;:1}\" data-variable_width=\"true\" \t>\n\t\t<div\n\t\t\tclass=\"sow-carousel-items\"\n\t\t\t\t\t>\n\t\t\t\t<div class=\"sow-carousel-item\" tabindex=\"-1\" style=\"float: left;\">\n\t\t<div class=\"sow-carousel-thumbnail\">\n\t\t\t\t\t\t\t<a\n\t\t\t\t\thref=\"http:\/\/www.javel.com.tr\/?p=1\"\n\t\t\t\t\tclass=\"sow-carousel-default-thumbnail\"\n\t\t\t\t\t\t\t\t\t\tstyle=\"background-image: url(http:\/\/www.javel.com.tr\/wp-content\/uploads\/2017\/01\/logo-5-150x150.jpg)\"\t\t\t\t\taria-labelledby=\"sow-carousel-id-1\"\n\t\t\t\t\ttabindex=\"-1\"\n\t\t\t\t>\n\t\t\t\t\t<span class=\"overlay\"><\/span>\n\t\t\t\t<\/a>\n\t\t\t\t\t<\/div>\n\t\t<h3 class=\"sow-carousel-item-title\">\n\t\t\t<a\n\t\t\t\thref=\"http:\/\/www.javel.com.tr\/?p=1\"\n\t\t\t\tid=\"sow-carousel-id-1\"\n\t\t\t\t\t\t\t\ttabindex=\"-1\"\n\t\t\t>\n\n\t\t\t\tHello world!\t\t\t<\/a>\n\t\t<\/h3>\n\t<\/div>\n\t\t<div class=\"sow-carousel-item\" tabindex=\"-1\" style=\"float: left;\">\n\t\t<div class=\"sow-carousel-thumbnail\">\n\t\t\t\t\t\t\t<a\n\t\t\t\t\thref=\"http:\/\/www.javel.com.tr\/?p=60\"\n\t\t\t\t\tclass=\"sow-carousel-default-thumbnail\"\n\t\t\t\t\t\t\t\t\t\tstyle=\"background-image: url(http:\/\/www.javel.com.tr\/wp-content\/uploads\/2017\/01\/logo-5-150x150.jpg)\"\t\t\t\t\taria-labelledby=\"sow-carousel-id-60\"\n\t\t\t\t\ttabindex=\"-1\"\n\t\t\t\t>\n\t\t\t\t\t<span class=\"overlay\"><\/span>\n\t\t\t\t<\/a>\n\t\t\t\t\t<\/div>\n\t\t<h3 class=\"sow-carousel-item-title\">\n\t\t\t<a\n\t\t\t\thref=\"http:\/\/www.javel.com.tr\/?p=60\"\n\t\t\t\tid=\"sow-carousel-id-60\"\n\t\t\t\t\t\t\t\ttabindex=\"-1\"\n\t\t\t>\n\n\t\t\t\tRECEIPE FOR FOOD LOVER\t\t\t<\/a>\n\t\t<\/h3>\n\t<\/div>\n\t\t<div class=\"sow-carousel-item\" tabindex=\"-1\" style=\"float: left;\">\n\t\t<div class=\"sow-carousel-thumbnail\">\n\t\t\t\t\t\t\t<a\n\t\t\t\t\thref=\"http:\/\/www.javel.com.tr\/?p=56\"\n\t\t\t\t\tclass=\"sow-carousel-default-thumbnail\"\n\t\t\t\t\t\t\t\t\t\tstyle=\"background-image: url(http:\/\/www.javel.com.tr\/wp-content\/uploads\/2017\/01\/logo-5-150x150.jpg)\"\t\t\t\t\taria-labelledby=\"sow-carousel-id-56\"\n\t\t\t\t\ttabindex=\"-1\"\n\t\t\t\t>\n\t\t\t\t\t<span class=\"overlay\"><\/span>\n\t\t\t\t<\/a>\n\t\t\t\t\t<\/div>\n\t\t<h3 class=\"sow-carousel-item-title\">\n\t\t\t<a\n\t\t\t\thref=\"http:\/\/www.javel.com.tr\/?p=56\"\n\t\t\t\tid=\"sow-carousel-id-56\"\n\t\t\t\t\t\t\t\ttabindex=\"-1\"\n\t\t\t>\n\n\t\t\t\tArtistic Drawing Of Girl Has Gone Away\t\t\t<\/a>\n\t\t<\/h3>\n\t<\/div>\n\t\t<div class=\"sow-carousel-item\" tabindex=\"-1\" style=\"float: left;\">\n\t\t<div class=\"sow-carousel-thumbnail\">\n\t\t\t\t\t\t\t<a\n\t\t\t\t\thref=\"http:\/\/www.javel.com.tr\/?p=46\"\n\t\t\t\t\tclass=\"sow-carousel-default-thumbnail\"\n\t\t\t\t\t\t\t\t\t\tstyle=\"background-image: url(http:\/\/www.javel.com.tr\/wp-content\/uploads\/2017\/01\/logo-5-150x150.jpg)\"\t\t\t\t\taria-labelledby=\"sow-carousel-id-46\"\n\t\t\t\t\ttabindex=\"-1\"\n\t\t\t\t>\n\t\t\t\t\t<span class=\"overlay\"><\/span>\n\t\t\t\t<\/a>\n\t\t\t\t\t<\/div>\n\t\t<h3 class=\"sow-carousel-item-title\">\n\t\t\t<a\n\t\t\t\thref=\"http:\/\/www.javel.com.tr\/?p=46\"\n\t\t\t\tid=\"sow-carousel-id-46\"\n\t\t\t\t\t\t\t\ttabindex=\"-1\"\n\t\t\t>\n\n\t\t\t\tPhotography Tips For Photographer\t\t\t<\/a>\n\t\t<\/h3>\n\t<\/div>\n\t\t\t<\/div>\n\t\t\t<\/div>\n\n\t<\/div>\n\t\t<input type=\"hidden\" name=\"instance_hash\" value=\"55bd4b95\"\/>\n\t<\/div>\n<\/div><\/div><\/div><\/div><\/div><div id=\"pg-719-8\"  class=\"panel-grid panel-has-style\" ><div class=\"siteorigin-panels-stretch panel-row-style panel-row-style-for-719-8\" data-stretch-type=\"full\" ><div id=\"pgc-719-8-0\"  class=\"panel-grid-cell\" ><div id=\"panel-719-8-0-0\" class=\"so-panel widget widget_themegrill_flash_heading tg-widget section-title-wrapper panel-first-child\" data-index=\"18\" >\t<h3 class=\"section-title\">\u00dcretim Tesisimiz<\/h3>\n<\/div><div id=\"panel-719-8-0-1\" class=\"so-panel widget widget_media_video panel-last-child\" data-index=\"19\" ><div style=\"width:100%;\" class=\"wp-video\"><!--[if lt IE 9]><script>document.createElement('video');<\/script><![endif]-->\n<video class=\"wp-video-shortcode\" id=\"video-46-1\" loop=\"1\" preload=\"auto\" controls=\"controls\"><source type=\"video\/mp4\" src=\"http:\/\/www.javel.com.tr\/wp-content\/uploads\/2025\/05\/WhatsApp-Video-2025-05-08-saat-16.53.08_01b8e026.mp4?_=1\" \/><source type=\"video\/mp4\" src=\"http:\/\/www.javel.com.tr\/wp-content\/uploads\/2025\/05\/WhatsApp-Video-2025-05-08-saat-16.53.08_01b8e026.mp4?_=1\" \/><a href=\"http:\/\/www.javel.com.tr\/wp-content\/uploads\/2025\/05\/WhatsApp-Video-2025-05-08-saat-16.53.08_01b8e026.mp4\">http:\/\/www.javel.com.tr\/wp-content\/uploads\/2025\/05\/WhatsApp-Video-2025-05-08-saat-16.53.08_01b8e026.mp4<\/a><\/video><\/div><\/div><\/div><\/div><\/div><div id=\"pg-719-9\"  class=\"panel-grid panel-has-style\" ><div class=\"siteorigin-panels-stretch panel-row-style panel-row-style-for-719-9\" data-stretch-type=\"full\" ><div id=\"pgc-719-9-0\"  class=\"panel-grid-cell\" ><div id=\"panel-719-9-0-0\" class=\"so-panel widget widget_themegrill_flash_service tg-widget tg-single-service panel-first-child\" data-index=\"20\" >\n<div class=\"tg-service-widget tg-service-layout-1\">\n\t<div class=\"service-wrapper\">\n\t\t<div class=\"service-icon-title-wrapper clearfix\">\n\t\t\t\t\t\t\t\t\t\t\t\t<h3 class=\"service-title-wrap\">\n\t\t\t\t\u0130leti\u015fim\t\t\t\t\t\t\t<\/h3>\n\t\t\t\t\t<\/div>\n\t\t\t\t<div class=\"service-content-wrap\">\u0130vedik Organize Sanayi B\u00f6lgesi 1376. Sokak No: 14 Yenimahalle\/Ankara<\/div>\n\t\t\t\t\t<\/div>\n<\/div>\n<\/div><div id=\"panel-719-9-0-1\" class=\"so-panel widget widget_text panel-last-child\" data-index=\"21\" >\t\t\t<div class=\"textwidget\"><p>+90 531 085 79 00<\/p>\n<p>info@javel.com.tr<\/p>\n<p><a href=\"http:\/\/instagram\/javelboyabaskiankara\">instagram\/javelboyabaskiankara<\/a><\/p>\n<\/div>\n\t\t<\/div><\/div><\/div><\/div><\/div>","protected":false},"excerpt":{"rendered":"<p>+90 531 085 79 00 info@javel.com.tr instagram\/javelboyabaskiankara<\/p>\n","protected":false},"author":1,"featured_media":0,"parent":0,"menu_order":0,"comment_status":"closed","ping_status":"closed","template":"","meta":[],"_links":{"self":[{"href":"http:\/\/www.javel.com.tr\/index.php?rest_route=\/wp\/v2\/pages\/719"}],"collection":[{"href":"http:\/\/www.javel.com.tr\/index.php?rest_route=\/wp\/v2\/pages"}],"about":[{"href":"http:\/\/www.javel.com.tr\/index.php?rest_route=\/wp\/v2\/types\/page"}],"author":[{"embeddable":true,"href":"http:\/\/www.javel.com.tr\/index.php?rest_route=\/wp\/v2\/users\/1"}],"replies":[{"embeddable":true,"href":"http:\/\/www.javel.com.tr\/index.php?rest_route=%2Fwp%2Fv2%2Fcomments&post=719"}],"version-history":[{"count":141,"href":"http:\/\/www.javel.com.tr\/index.php?rest_route=\/wp\/v2\/pages\/719\/revisions"}],"predecessor-version":[{"id":966,"href":"http:\/\/www.javel.com.tr\/index.php?rest_route=\/wp\/v2\/pages\/719\/revisions\/966"}],"wp:attachment":[{"href":"http:\/\/www.javel.com.tr\/index.php?rest_route=%2Fwp%2Fv2%2Fmedia&parent=719"}],"curies":[{"name":"wp","href":"https:\/\/api.w.org\/{rel}","templated":true}]}}